{"id":3437,"date":"2023-05-17T14:17:47","date_gmt":"2023-05-17T14:17:47","guid":{"rendered":"https:\/\/www.golfclubvarese.it\/uebernachtung\/"},"modified":"2024-04-19T10:59:27","modified_gmt":"2024-04-19T10:59:27","slug":"uebernachtung","status":"publish","type":"page","link":"https:\/\/www.golfclubvarese.it\/de\/uebernachtung\/","title":{"rendered":"\u00dcbernachtung"},"content":{"rendered":"\t\t<div data-elementor-type=\"wp-post\" data-elementor-id=\"3437\" class=\"elementor elementor-3437 elementor-799\">\n\t\t\t\t\t\t<div class=\"elementor-inner\">\n\t\t\t\t<div class=\"elementor-section-wrap\">\n\t\t\t\t\t\t\t\t\t<section class=\"th-parallax elementor-section elementor-top-section elementor-element elementor-element-6b2ed49c elementor-section-height-min-height elementor-section-full_width elementor-section-height-default elementor-section-items-middle elementor-invisible\" data-parallax=\"scroll\" data-image-src=\"http:\/\/www.golfclubvarese.it\/wp-content\/uploads\/2023\/05\/OSPITALITA-PERNOTTAMENTO.jpg\" data-id=\"6b2ed49c\" data-element_type=\"section\" data-settings=\"{&quot;background_background&quot;:&quot;classic&quot;,&quot;animation&quot;:&quot;fadeIn&quot;}\">\n\t\t\t\t\t\t\t<div class=\"elementor-background-overlay\"><\/div>\n\t\t\t\t\t\t\t<div class=\"elementor-container elementor-column-gap-default\">\n\t\t\t\t\t\t\t<div class=\"elementor-row\">\n\t\t\t\t\t<div class=\"elementor-column elementor-col-100 elementor-top-column elementor-element elementor-element-54724838\" data-id=\"54724838\" data-element_type=\"column\">\n\t\t\t<div class=\"elementor-column-wrap elementor-element-populated\">\n\t\t\t\t\t\t\t<div class=\"elementor-widget-wrap\">\n\t\t\t\t\t\t<div class=\"elementor-element elementor-element-0bc3191 elementor-widget elementor-widget-image\" data-id=\"0bc3191\" data-element_type=\"widget\" data-widget_type=\"image.default\">\n\t\t\t\t<div class=\"elementor-widget-container\">\n\t\t\t\t\t\t\t\t<div class=\"elementor-image\">\n\t\t\t\t\t\t\t\t\t\t\t\t<img decoding=\"async\" width=\"300\" height=\"300\" src=\"https:\/\/www.golfclubvarese.it\/wp-content\/uploads\/2023\/05\/logo-footer-1-300x300.png\" class=\"attachment-medium size-medium wp-image-3261\" alt=\"\" srcset=\"https:\/\/www.golfclubvarese.it\/wp-content\/uploads\/2023\/05\/logo-footer-1-300x300.png 300w, https:\/\/www.golfclubvarese.it\/wp-content\/uploads\/2023\/05\/logo-footer-1-150x150.png 150w, https:\/\/www.golfclubvarese.it\/wp-content\/uploads\/2023\/05\/logo-footer-1-768x768.png 768w, https:\/\/www.golfclubvarese.it\/wp-content\/uploads\/2023\/05\/logo-footer-1-80x80.png 80w, https:\/\/www.golfclubvarese.it\/wp-content\/uploads\/2023\/05\/logo-footer-1-394x394.png 394w, https:\/\/www.golfclubvarese.it\/wp-content\/uploads\/2023\/05\/logo-footer-1-303x303.png 303w, https:\/\/www.golfclubvarese.it\/wp-content\/uploads\/2023\/05\/logo-footer-1-605x605.png 605w, https:\/\/www.golfclubvarese.it\/wp-content\/uploads\/2023\/05\/logo-footer-1-700x700.png 700w, https:\/\/www.golfclubvarese.it\/wp-content\/uploads\/2023\/05\/logo-footer-1-950x950.png 950w, https:\/\/www.golfclubvarese.it\/wp-content\/uploads\/2023\/05\/logo-footer-1.png 999w\" sizes=\"(max-width: 300px) 100vw, 300px\" \/>\t\t\t\t\t\t\t\t\t\t\t\t\t\t<\/div>\n\t\t\t\t\t\t<\/div>\n\t\t\t\t<\/div>\n\t\t\t\t\t\t<\/div>\n\t\t\t\t\t<\/div>\n\t\t<\/div>\n\t\t\t\t\t\t\t\t<\/div>\n\t\t\t\t\t<\/div>\n\t\t<\/section>\n\t\t\t\t<section class=\"elementor-section elementor-top-section elementor-element elementor-element-24e3d57c elementor-section-boxed elementor-section-height-default elementor-section-height-default\" data-id=\"24e3d57c\" data-element_type=\"section\" id=\"intro\" data-settings=\"{&quot;background_background&quot;:&quot;classic&quot;}\">\n\t\t\t\t\t\t<div class=\"elementor-container elementor-column-gap-default\">\n\t\t\t\t\t\t\t<div class=\"elementor-row\">\n\t\t\t\t\t<div class=\"elementor-column elementor-col-100 elementor-top-column elementor-element elementor-element-2e26e0bb\" data-id=\"2e26e0bb\" data-element_type=\"column\">\n\t\t\t<div class=\"elementor-column-wrap elementor-element-populated\">\n\t\t\t\t\t\t\t<div class=\"elementor-widget-wrap\">\n\t\t\t\t\t\t<div class=\"elementor-element elementor-element-5c528bd9 elementor-widget elementor-widget-spacer\" data-id=\"5c528bd9\" data-element_type=\"widget\" data-widget_type=\"spacer.default\">\n\t\t\t\t<div class=\"elementor-widget-container\">\n\t\t\t\t\t<div class=\"elementor-spacer\">\n\t\t\t<div class=\"elementor-spacer-inner\"><\/div>\n\t\t<\/div>\n\t\t\t\t<\/div>\n\t\t\t\t<\/div>\n\t\t\t\t<div class=\"elementor-element elementor-element-b661fca elementor-view-default elementor-position-top elementor-widget elementor-widget-themo-header\" data-id=\"b661fca\" data-element_type=\"widget\" data-widget_type=\"themo-header.default\">\n\t\t\t\t<div class=\"elementor-widget-container\">\n\t\t\t\t\t<div class=\"th-header-wrap\">\n        <div class=\"elementor-icon-box-wrapper \">\n                            <div class=\"elementor-icon-box-content\">\n                    <h2 class=\"elementor-icon-box-title\">\n                        Partnerhotels des Golfclubs Varese                    <\/h2>\n                                            <span class=\"th-header-divider\"><\/span>\n                                        <p class=\"elementor-icon-box-description\">\u00dcbernachten Sie stilvoll und komfortabel in den Partnerhotels des Golfclubs Varese. Profitieren Sie\nvon unseren exklusiven Partnerschaften und genie\u00dfen Sie ein unvergessliches Erlebnis zwischen\nGolf und Entspannung. Wenden Sie sich direkt an die gew\u00fcnschte Einrichtung, um Ihren perfekten\nAufenthalt zu buchen.\n<\/p>\n\n                                    <\/div>\n            <\/div>\n\n        <\/div>\n\n\t\t\t\t<\/div>\n\t\t\t\t<\/div>\n\t\t\t\t<div class=\"elementor-element elementor-element-ae795c0 elementor-widget elementor-widget-spacer\" data-id=\"ae795c0\" data-element_type=\"widget\" data-widget_type=\"spacer.default\">\n\t\t\t\t<div class=\"elementor-widget-container\">\n\t\t\t\t\t<div class=\"elementor-spacer\">\n\t\t\t<div class=\"elementor-spacer-inner\"><\/div>\n\t\t<\/div>\n\t\t\t\t<\/div>\n\t\t\t\t<\/div>\n\t\t\t\t<section class=\"elementor-section elementor-inner-section elementor-element elementor-element-20b3c245 elementor-section-content-middle elementor-section-boxed elementor-section-height-default elementor-section-height-default\" data-id=\"20b3c245\" data-element_type=\"section\">\n\t\t\t\t\t\t<div class=\"elementor-container elementor-column-gap-wide\">\n\t\t\t\t\t\t\t<div class=\"elementor-row\">\n\t\t\t\t\t<div class=\"elementor-column elementor-col-33 elementor-inner-column elementor-element elementor-element-40ed4832\" data-id=\"40ed4832\" data-element_type=\"column\">\n\t\t\t<div class=\"elementor-column-wrap elementor-element-populated\">\n\t\t\t\t\t\t\t<div class=\"elementor-widget-wrap\">\n\t\t\t\t\t\t<div class=\"elementor-element elementor-element-e6e27e7 elementor-invisible elementor-widget elementor-widget-heading\" data-id=\"e6e27e7\" data-element_type=\"widget\" data-settings=\"{&quot;_animation&quot;:&quot;fadeInDown&quot;}\" data-widget_type=\"heading.default\">\n\t\t\t\t<div class=\"elementor-widget-container\">\n\t\t\t<h2 class=\"elementor-heading-title elementor-size-default\">Palace Grand Hotel Varese<\/h2>\t\t<\/div>\n\t\t\t\t<\/div>\n\t\t\t\t<div class=\"elementor-element elementor-element-f143cc5 elementor-invisible elementor-widget elementor-widget-text-editor\" data-id=\"f143cc5\" data-element_type=\"widget\" data-settings=\"{&quot;_animation&quot;:&quot;fadeInUp&quot;,&quot;_animation_delay&quot;:175}\" data-widget_type=\"text-editor.default\">\n\t\t\t\t<div class=\"elementor-widget-container\">\n\t\t\t\t\t\t\t\t<div class=\"elementor-text-editor elementor-clearfix\">\n\t\t\t\t<p>Das Palace Grand Hotel Varese liegt in Varese auf dem Campigli-H\u00fcgel, ist von einem&nbsp;<span style=\"color: inherit; font-family: inherit; font-size: inherit; font-style: inherit; font-weight: inherit;\">jahrhundertealten Park umgeben und bietet ein au\u00dfergew\u00f6hnliches Panorama, das vom&nbsp;<\/span><span style=\"color: inherit; font-family: inherit; font-size: inherit; font-style: inherit; font-weight: inherit;\">Stadtzentrum bis zum Sacro Monte, vom Varese-See bis zur Monte-Rosa-Kette reicht. Es wurde<\/span><\/p>\n<p>1913 er\u00f6ffnet und in den letzten Jahren vollst\u00e4ndig renoviert, wobei die Merkmale des&nbsp;<span style=\"color: inherit; font-family: inherit; font-size: inherit; font-style: inherit; font-weight: inherit;\">urspr\u00fcnglichen Entwurfs von Giuseppe Sommaruga, einem der ber\u00fchmtesten Architekten des&nbsp;<\/span><span style=\"color: inherit; font-family: inherit; font-size: inherit; font-style: inherit; font-weight: inherit;\">Jugendstils, erhalten geblieben sind. Nur wenige Minuten vom Mail\u00e4nder Flughafen Malpensa&nbsp;<\/span><span style=\"color: inherit; font-family: inherit; font-size: inherit; font-style: inherit; font-weight: inherit;\">entfernt, verf\u00fcgt das Grand Hotel \u00fcber 112 Zimmer, einen gro\u00dfen Tagungsraum und 8&nbsp;<\/span><span style=\"color: inherit; font-family: inherit; font-size: inherit; font-style: inherit; font-weight: inherit;\">unterschiedlich gro\u00dfe Konferenzr\u00e4ume voller Licht , einen Parkplatz, ein Restaurant, eine Bar und&nbsp;<\/span><span style=\"color: inherit; font-family: inherit; font-size: inherit; font-style: inherit; font-weight: inherit;\">einen Bankettsaal mit 200 Pl\u00e4tzen.<\/span><\/p>\t\t\t\t\t<\/div>\n\t\t\t\t\t\t<\/div>\n\t\t\t\t<\/div>\n\t\t\t\t<div class=\"elementor-element elementor-element-2f5bfea elementor-align-justify elementor-widget elementor-widget-button\" data-id=\"2f5bfea\" data-element_type=\"widget\" data-widget_type=\"button.default\">\n\t\t\t\t<div class=\"elementor-widget-container\">\n\t\t\t\t\t<div class=\"elementor-button-wrapper\">\n\t\t\t<a href=\"https:\/\/varese.ipalazzihotels.com\/it\/\" target=\"_blank\" class=\"elementor-button-link elementor-button elementor-size-lg\" role=\"button\">\n\t\t\t\t\t\t<span class=\"elementor-button-content-wrapper\">\n\t\t\t\t\t\t<span class=\"elementor-button-text\">Besuchen Sie die Website<\/span>\n\t\t<\/span>\n\t\t\t\t\t<\/a>\n\t\t<\/div>\n\t\t\t\t<\/div>\n\t\t\t\t<\/div>\n\t\t\t\t\t\t<\/div>\n\t\t\t\t\t<\/div>\n\t\t<\/div>\n\t\t\t\t<div class=\"elementor-column elementor-col-66 elementor-inner-column elementor-element elementor-element-15cf3fad\" data-id=\"15cf3fad\" data-element_type=\"column\">\n\t\t\t<div class=\"elementor-column-wrap elementor-element-populated\">\n\t\t\t\t\t\t\t<div class=\"elementor-widget-wrap\">\n\t\t\t\t\t\t<div class=\"elementor-element elementor-element-b0582bb elementor-invisible elementor-widget elementor-widget-image\" data-id=\"b0582bb\" data-element_type=\"widget\" data-settings=\"{&quot;_animation&quot;:&quot;fadeInRight&quot;}\" data-widget_type=\"image.default\">\n\t\t\t\t<div class=\"elementor-widget-container\">\n\t\t\t\t\t\t\t\t<div class=\"elementor-image\">\n\t\t\t\t\t\t\t\t\t\t\t\t<img decoding=\"async\" width=\"915\" height=\"610\" src=\"https:\/\/www.golfclubvarese.it\/wp-content\/uploads\/2023\/05\/Livello-35-915x610.png\" class=\"elementor-animation-bob attachment-th_img_lg size-th_img_lg wp-image-3189\" alt=\"\" srcset=\"https:\/\/www.golfclubvarese.it\/wp-content\/uploads\/2023\/05\/Livello-35-915x610.png 915w, https:\/\/www.golfclubvarese.it\/wp-content\/uploads\/2023\/05\/Livello-35-300x200.png 300w, https:\/\/www.golfclubvarese.it\/wp-content\/uploads\/2023\/05\/Livello-35-1024x683.png 1024w, https:\/\/www.golfclubvarese.it\/wp-content\/uploads\/2023\/05\/Livello-35-768x512.png 768w, https:\/\/www.golfclubvarese.it\/wp-content\/uploads\/2023\/05\/Livello-35-1536x1024.png 1536w, https:\/\/www.golfclubvarese.it\/wp-content\/uploads\/2023\/05\/Livello-35-2048x1365.png 2048w, https:\/\/www.golfclubvarese.it\/wp-content\/uploads\/2023\/05\/Livello-35-120x80.png 120w, https:\/\/www.golfclubvarese.it\/wp-content\/uploads\/2023\/05\/Livello-35-394x263.png 394w, https:\/\/www.golfclubvarese.it\/wp-content\/uploads\/2023\/05\/Livello-35-1240x827.png 1240w, https:\/\/www.golfclubvarese.it\/wp-content\/uploads\/2023\/05\/Livello-35-1620x1080.png 1620w, https:\/\/www.golfclubvarese.it\/wp-content\/uploads\/2023\/05\/Livello-35.png 1920w\" sizes=\"(max-width: 915px) 100vw, 915px\" \/>\t\t\t\t\t\t\t\t\t\t\t\t\t\t<\/div>\n\t\t\t\t\t\t<\/div>\n\t\t\t\t<\/div>\n\t\t\t\t\t\t<\/div>\n\t\t\t\t\t<\/div>\n\t\t<\/div>\n\t\t\t\t\t\t\t\t<\/div>\n\t\t\t\t\t<\/div>\n\t\t<\/section>\n\t\t\t\t<section class=\"elementor-section elementor-inner-section elementor-element elementor-element-ed2ef03 elementor-section-content-middle elementor-section-boxed elementor-section-height-default elementor-section-height-default\" data-id=\"ed2ef03\" data-element_type=\"section\">\n\t\t\t\t\t\t<div class=\"elementor-container elementor-column-gap-wide\">\n\t\t\t\t\t\t\t<div class=\"elementor-row\">\n\t\t\t\t\t<div class=\"elementor-column elementor-col-100 elementor-inner-column elementor-element elementor-element-33fe9e0\" data-id=\"33fe9e0\" data-element_type=\"column\">\n\t\t\t<div class=\"elementor-column-wrap elementor-element-populated\">\n\t\t\t\t\t\t\t<div class=\"elementor-widget-wrap\">\n\t\t\t\t\t\t<div class=\"elementor-element elementor-element-4b593b8 elementor-arrows-position-inside elementor-pagination-position-outside elementor-widget elementor-widget-image-carousel\" data-id=\"4b593b8\" data-element_type=\"widget\" data-settings=\"{&quot;navigation&quot;:&quot;both&quot;,&quot;autoplay&quot;:&quot;yes&quot;,&quot;pause_on_hover&quot;:&quot;yes&quot;,&quot;pause_on_interaction&quot;:&quot;yes&quot;,&quot;autoplay_speed&quot;:5000,&quot;infinite&quot;:&quot;yes&quot;,&quot;speed&quot;:500}\" data-widget_type=\"image-carousel.default\">\n\t\t\t\t<div class=\"elementor-widget-container\">\n\t\t\t\t\t<div class=\"elementor-image-carousel-wrapper swiper-container\" dir=\"ltr\">\n\t\t\t<div class=\"elementor-image-carousel swiper-wrapper\">\n\t\t\t\t\t\t\t\t<div class=\"swiper-slide\"><figure class=\"swiper-slide-inner\"><img decoding=\"async\" class=\"swiper-slide-image\" src=\"https:\/\/www.golfclubvarese.it\/wp-content\/uploads\/2023\/05\/Livello-36-1024x655.png\" alt=\"Livello 36\" \/><\/figure><\/div><div class=\"swiper-slide\"><figure class=\"swiper-slide-inner\"><img decoding=\"async\" class=\"swiper-slide-image\" src=\"https:\/\/www.golfclubvarese.it\/wp-content\/uploads\/2023\/05\/Livello-38-1024x655.png\" alt=\"Livello 38\" \/><\/figure><\/div><div class=\"swiper-slide\"><figure class=\"swiper-slide-inner\"><img decoding=\"async\" class=\"swiper-slide-image\" src=\"https:\/\/www.golfclubvarese.it\/wp-content\/uploads\/2023\/05\/Livello-37-1024x655.png\" alt=\"Livello 37\" \/><\/figure><\/div>\t\t\t<\/div>\n\t\t\t\t\t\t\t\t\t\t\t\t<div class=\"swiper-pagination\"><\/div>\n\t\t\t\t\t\t\t\t\t\t\t\t\t<div class=\"elementor-swiper-button elementor-swiper-button-prev\" role=\"button\" tabindex=\"0\">\n\t\t\t\t\t\t<i aria-hidden=\"true\" class=\"eicon-chevron-left\"><\/i>\t\t\t\t\t\t<span class=\"elementor-screen-only\">Previous image<\/span>\n\t\t\t\t\t<\/div>\n\t\t\t\t\t<div class=\"elementor-swiper-button elementor-swiper-button-next\" role=\"button\" tabindex=\"0\">\n\t\t\t\t\t\t<i aria-hidden=\"true\" class=\"eicon-chevron-right\"><\/i>\t\t\t\t\t\t<span class=\"elementor-screen-only\">Next image<\/span>\n\t\t\t\t\t<\/div>\n\t\t\t\t\t\t\t\t\t<\/div>\n\t\t\t\t<\/div>\n\t\t\t\t<\/div>\n\t\t\t\t<div class=\"elementor-element elementor-element-0d95b9d elementor-widget elementor-widget-spacer\" data-id=\"0d95b9d\" data-element_type=\"widget\" data-widget_type=\"spacer.default\">\n\t\t\t\t<div class=\"elementor-widget-container\">\n\t\t\t\t\t<div class=\"elementor-spacer\">\n\t\t\t<div class=\"elementor-spacer-inner\"><\/div>\n\t\t<\/div>\n\t\t\t\t<\/div>\n\t\t\t\t<\/div>\n\t\t\t\t\t\t<\/div>\n\t\t\t\t\t<\/div>\n\t\t<\/div>\n\t\t\t\t\t\t\t\t<\/div>\n\t\t\t\t\t<\/div>\n\t\t<\/section>\n\t\t\t\t\t\t<\/div>\n\t\t\t\t\t<\/div>\n\t\t<\/div>\n\t\t\t\t\t\t\t\t<\/div>\n\t\t\t\t\t<\/div>\n\t\t<\/section>\n\t\t\t\t\t\t\t\t\t<\/div>\n\t\t\t<\/div>\n\t\t\t\t\t<\/div>\n\t\t","protected":false},"excerpt":{"rendered":"<p>Partnerhotels des Golfclubs Varese \u00dcbernachten Sie stilvoll und komfortabel in den Partnerhotels des Golfclubs Varese. Profitieren Sie von unseren exklusiven Partnerschaften und genie\u00dfen Sie ein unvergessliches Erlebnis zwischen Golf und Entspannung. Wenden Sie sich direkt an die gew\u00fcnschte Einrichtung, um &hellip; <a href=\"https:\/\/www.golfclubvarese.it\/de\/uebernachtung\/\">Mehr lesen<\/a><\/p>\n","protected":false},"author":1,"featured_media":0,"parent":0,"menu_order":26,"comment_status":"closed","ping_status":"closed","template":"","meta":{"footnotes":""},"class_list":["post-3437","page","type-page","status-publish","hentry"],"_links":{"self":[{"href":"https:\/\/www.golfclubvarese.it\/de\/wp-json\/wp\/v2\/pages\/3437","targetHints":{"allow":["GET"]}}],"collection":[{"href":"https:\/\/www.golfclubvarese.it\/de\/wp-json\/wp\/v2\/pages"}],"about":[{"href":"https:\/\/www.golfclubvarese.it\/de\/wp-json\/wp\/v2\/types\/page"}],"author":[{"embeddable":true,"href":"https:\/\/www.golfclubvarese.it\/de\/wp-json\/wp\/v2\/users\/1"}],"replies":[{"embeddable":true,"href":"https:\/\/www.golfclubvarese.it\/de\/wp-json\/wp\/v2\/comments?post=3437"}],"version-history":[{"count":8,"href":"https:\/\/www.golfclubvarese.it\/de\/wp-json\/wp\/v2\/pages\/3437\/revisions"}],"predecessor-version":[{"id":4640,"href":"https:\/\/www.golfclubvarese.it\/de\/wp-json\/wp\/v2\/pages\/3437\/revisions\/4640"}],"wp:attachment":[{"href":"https:\/\/www.golfclubvarese.it\/de\/wp-json\/wp\/v2\/media?parent=3437"}],"curies":[{"name":"wp","href":"https:\/\/api.w.org\/{rel}","templated":true}]}}