{"id":7397,"date":"2025-11-17T17:32:20","date_gmt":"2025-11-17T17:32:20","guid":{"rendered":"https:\/\/www.golfclubvarese.it\/restaurant-und-clubhaus-2\/"},"modified":"2025-12-17T14:06:27","modified_gmt":"2025-12-17T14:06:27","slug":"restaurant-und-clubhaus-2","status":"publish","type":"page","link":"https:\/\/www.golfclubvarese.it\/de\/restaurant-und-clubhaus-2\/","title":{"rendered":"Restaurant und Clubhaus"},"content":{"rendered":"\t\t<div data-elementor-type=\"wp-post\" data-elementor-id=\"7397\" class=\"elementor elementor-7397 elementor-6463\">\n\t\t\t\t\t\t<div class=\"elementor-inner\">\n\t\t\t\t<div class=\"elementor-section-wrap\">\n\t\t\t\t\t\t\t\t\t<section class=\"th-parallax elementor-section elementor-top-section elementor-element elementor-element-6b2ed49c elementor-section-height-min-height elementor-section-full_width elementor-section-height-default elementor-section-items-middle elementor-invisible\" data-parallax=\"scroll\" data-image-src=\"http:\/\/www.golfclubvarese.it\/wp-content\/uploads\/2023\/05\/OSPITALITA.jpg\" data-id=\"6b2ed49c\" data-element_type=\"section\" data-settings=\"{&quot;background_background&quot;:&quot;classic&quot;,&quot;animation&quot;:&quot;fadeIn&quot;}\">\n\t\t\t\t\t\t\t<div class=\"elementor-background-overlay\"><\/div>\n\t\t\t\t\t\t\t<div class=\"elementor-container elementor-column-gap-default\">\n\t\t\t\t\t\t\t<div class=\"elementor-row\">\n\t\t\t\t\t<div class=\"elementor-column elementor-col-100 elementor-top-column elementor-element elementor-element-54724838\" data-id=\"54724838\" data-element_type=\"column\">\n\t\t\t<div class=\"elementor-column-wrap elementor-element-populated\">\n\t\t\t\t\t\t\t<div class=\"elementor-widget-wrap\">\n\t\t\t\t\t\t<div class=\"elementor-element elementor-element-292c5c5 elementor-widget elementor-widget-image\" data-id=\"292c5c5\" data-element_type=\"widget\" data-widget_type=\"image.default\">\n\t\t\t\t<div class=\"elementor-widget-container\">\n\t\t\t\t\t\t\t\t<div class=\"elementor-image\">\n\t\t\t\t\t\t\t\t\t\t\t\t<img decoding=\"async\" width=\"300\" height=\"300\" src=\"https:\/\/www.golfclubvarese.it\/wp-content\/uploads\/2023\/05\/logo-footer-1-300x300.png\" class=\"attachment-medium size-medium wp-image-3261\" alt=\"\" srcset=\"https:\/\/www.golfclubvarese.it\/wp-content\/uploads\/2023\/05\/logo-footer-1-300x300.png 300w, https:\/\/www.golfclubvarese.it\/wp-content\/uploads\/2023\/05\/logo-footer-1-150x150.png 150w, https:\/\/www.golfclubvarese.it\/wp-content\/uploads\/2023\/05\/logo-footer-1-768x768.png 768w, https:\/\/www.golfclubvarese.it\/wp-content\/uploads\/2023\/05\/logo-footer-1-80x80.png 80w, https:\/\/www.golfclubvarese.it\/wp-content\/uploads\/2023\/05\/logo-footer-1-394x394.png 394w, https:\/\/www.golfclubvarese.it\/wp-content\/uploads\/2023\/05\/logo-footer-1-303x303.png 303w, https:\/\/www.golfclubvarese.it\/wp-content\/uploads\/2023\/05\/logo-footer-1-605x605.png 605w, https:\/\/www.golfclubvarese.it\/wp-content\/uploads\/2023\/05\/logo-footer-1-700x700.png 700w, https:\/\/www.golfclubvarese.it\/wp-content\/uploads\/2023\/05\/logo-footer-1-950x950.png 950w, https:\/\/www.golfclubvarese.it\/wp-content\/uploads\/2023\/05\/logo-footer-1.png 999w\" sizes=\"(max-width: 300px) 100vw, 300px\" \/>\t\t\t\t\t\t\t\t\t\t\t\t\t\t<\/div>\n\t\t\t\t\t\t<\/div>\n\t\t\t\t<\/div>\n\t\t\t\t\t\t<\/div>\n\t\t\t\t\t<\/div>\n\t\t<\/div>\n\t\t\t\t\t\t\t\t<\/div>\n\t\t\t\t\t<\/div>\n\t\t<\/section>\n\t\t\t\t<section class=\"elementor-section elementor-top-section elementor-element elementor-element-24e3d57c elementor-section-boxed elementor-section-height-default elementor-section-height-default\" data-id=\"24e3d57c\" data-element_type=\"section\" id=\"intro\" data-settings=\"{&quot;background_background&quot;:&quot;classic&quot;}\">\n\t\t\t\t\t\t<div class=\"elementor-container elementor-column-gap-default\">\n\t\t\t\t\t\t\t<div class=\"elementor-row\">\n\t\t\t\t\t<div class=\"elementor-column elementor-col-100 elementor-top-column elementor-element elementor-element-2e26e0bb\" data-id=\"2e26e0bb\" data-element_type=\"column\">\n\t\t\t<div class=\"elementor-column-wrap elementor-element-populated\">\n\t\t\t\t\t\t\t<div class=\"elementor-widget-wrap\">\n\t\t\t\t\t\t<div class=\"elementor-element elementor-element-5c528bd9 elementor-widget elementor-widget-spacer\" data-id=\"5c528bd9\" data-element_type=\"widget\" data-widget_type=\"spacer.default\">\n\t\t\t\t<div class=\"elementor-widget-container\">\n\t\t\t\t\t<div class=\"elementor-spacer\">\n\t\t\t<div class=\"elementor-spacer-inner\"><\/div>\n\t\t<\/div>\n\t\t\t\t<\/div>\n\t\t\t\t<\/div>\n\t\t\t\t<div class=\"elementor-element elementor-element-fa21449 elementor-view-default elementor-position-top elementor-widget elementor-widget-themo-header\" data-id=\"fa21449\" data-element_type=\"widget\" data-widget_type=\"themo-header.default\">\n\t\t\t\t<div class=\"elementor-widget-container\">\n\t\t\t\t\t<div class=\"th-header-wrap\">\n        <div class=\"elementor-icon-box-wrapper \">\n                            <div class=\"elementor-icon-box-content\">\n                    <h2 class=\"elementor-icon-box-title\">\n                        Geschmack und atemberaubende Aussicht:<br>die Bar und das Restaurant des Golfclubs Varese                    <\/h2>\n                                            <span class=\"th-header-divider\"><\/span>\n                                        <p class=\"elementor-icon-box-description\">An w\u00e4rmeren Tagen empf\u00e4ngt Sie die Panoramaterrasse, an k\u00e4lteren Tagen das Glasfenster des gro\u00dfen Wohnzimmers. Traditionelle K\u00fcche f\u00fcr jeden Geschmack, f\u00fcr einen schnellen Snack an der Bar oder ein reichhaltiges Abendessen im Restaurant.  <\/p>\n\n                                    <\/div>\n            <\/div>\n\n        <\/div>\n\n\t\t\t\t<\/div>\n\t\t\t\t<\/div>\n\t\t\t\t<section class=\"elementor-section elementor-inner-section elementor-element elementor-element-20b3c245 elementor-section-content-middle elementor-section-boxed elementor-section-height-default elementor-section-height-default\" data-id=\"20b3c245\" data-element_type=\"section\">\n\t\t\t\t\t\t<div class=\"elementor-container elementor-column-gap-wide\">\n\t\t\t\t\t\t\t<div class=\"elementor-row\">\n\t\t\t\t\t<div class=\"elementor-column elementor-col-50 elementor-inner-column elementor-element elementor-element-40ed4832\" data-id=\"40ed4832\" data-element_type=\"column\">\n\t\t\t<div class=\"elementor-column-wrap elementor-element-populated\">\n\t\t\t\t\t\t\t<div class=\"elementor-widget-wrap\">\n\t\t\t\t\t\t<div class=\"elementor-element elementor-element-f143cc5 elementor-invisible elementor-widget elementor-widget-text-editor\" data-id=\"f143cc5\" data-element_type=\"widget\" data-settings=\"{&quot;_animation&quot;:&quot;fadeInUp&quot;,&quot;_animation_delay&quot;:175}\" data-widget_type=\"text-editor.default\">\n\t\t\t\t<div class=\"elementor-widget-container\">\n\t\t\t\t\t\t\t\t<div class=\"elementor-text-editor elementor-clearfix\">\n\t\t\t\t<p>Die Bar und das Restaurant des Golfclubs Varese bieten ein au\u00dfergew\u00f6hnliches kulinarisches Erlebnis in einem bezaubernden Rahmen. Der gro\u00dfe Hauptsaal mit seinen gro\u00dfen Fenstern bietet einen atemberaubenden Blick auf Loch 18, w\u00e4hrend die G\u00e4ste auf der herrlichen Terrasse die K\u00f6stlichkeiten des K\u00fcchenchefs genie\u00dfen k\u00f6nnen, w\u00e4hrend sie das spektakul\u00e4re Loch 1 und den Varese-See bewundern. Ob Sie nun ein elegantes Abendessen oder einen entspannten Moment an der Bar w\u00fcnschen, der Varese Golf Club bietet die perfekte Kombination aus hervorragender K\u00fcche und beeindruckender Aussicht.<\/p>\n\t\t\t\t\t<\/div>\n\t\t\t\t\t\t<\/div>\n\t\t\t\t<\/div>\n\t\t\t\t<div class=\"elementor-element elementor-element-858335c elementor-invisible elementor-widget elementor-widget-heading\" data-id=\"858335c\" data-element_type=\"widget\" data-settings=\"{&quot;_animation&quot;:&quot;fadeInDown&quot;}\" data-widget_type=\"heading.default\">\n\t\t\t\t<div class=\"elementor-widget-container\">\n\t\t\t<h4 class=\"elementor-heading-title elementor-size-default\">\u00d6ffnungszeiten der K\u00fcche<\/h4>\t\t<\/div>\n\t\t\t\t<\/div>\n\t\t\t\t<div class=\"elementor-element elementor-element-cdd9f84 elementor-invisible elementor-widget elementor-widget-text-editor\" data-id=\"cdd9f84\" data-element_type=\"widget\" data-settings=\"{&quot;_animation&quot;:&quot;fadeInUp&quot;,&quot;_animation_delay&quot;:175}\" data-widget_type=\"text-editor.default\">\n\t\t\t\t<div class=\"elementor-widget-container\">\n\t\t\t\t\t\t\t\t<div class=\"elementor-text-editor elementor-clearfix\">\n\t\t\t\t<p>Das Restaurant ist immer ge\u00f6ffnet, au\u00dfer montags zwischen November und April.<\/p>\n<p><strong>Ein Barservice mit Snacks und kalten Speisen ist immer verf\u00fcgbar.<\/strong><\/p>\n\t\t\t\t\t<\/div>\n\t\t\t\t\t\t<\/div>\n\t\t\t\t<\/div>\n\t\t\t\t<div class=\"elementor-element elementor-element-2f5bfea elementor-align-justify elementor-widget elementor-widget-button\" data-id=\"2f5bfea\" data-element_type=\"widget\" data-widget_type=\"button.default\">\n\t\t\t\t<div class=\"elementor-widget-container\">\n\t\t\t\t\t<div class=\"elementor-button-wrapper\">\n\t\t\t<a href=\"tel:0332229302\" target=\"_blank\" class=\"elementor-button-link elementor-button elementor-size-lg\" role=\"button\">\n\t\t\t\t\t\t<span class=\"elementor-button-content-wrapper\">\n\t\t\t\t\t\t<span class=\"elementor-button-text\">Jetzt anrufen: 0332 229302 int. 2<\/span>\n\t\t<\/span>\n\t\t\t\t\t<\/a>\n\t\t<\/div>\n\t\t\t\t<\/div>\n\t\t\t\t<\/div>\n\t\t\t\t\t\t<\/div>\n\t\t\t\t\t<\/div>\n\t\t<\/div>\n\t\t\t\t<div class=\"elementor-column elementor-col-50 elementor-inner-column elementor-element elementor-element-15cf3fad\" data-id=\"15cf3fad\" data-element_type=\"column\">\n\t\t\t<div class=\"elementor-column-wrap elementor-element-populated\">\n\t\t\t\t\t\t\t<div class=\"elementor-widget-wrap\">\n\t\t\t\t\t\t<div class=\"elementor-element elementor-element-b0582bb elementor-invisible elementor-widget elementor-widget-image\" data-id=\"b0582bb\" data-element_type=\"widget\" data-settings=\"{&quot;_animation&quot;:&quot;fadeInRight&quot;}\" data-widget_type=\"image.default\">\n\t\t\t\t<div class=\"elementor-widget-container\">\n\t\t\t\t\t\t\t\t<div class=\"elementor-image\">\n\t\t\t\t\t\t\t\t\t\t\t\t<img decoding=\"async\" width=\"915\" height=\"686\" src=\"https:\/\/www.golfclubvarese.it\/wp-content\/uploads\/2025\/11\/CLUB-HOUSE-14-2-915x686.jpg\" class=\"elementor-animation-bob attachment-th_img_lg size-th_img_lg wp-image-6879\" alt=\"\" srcset=\"https:\/\/www.golfclubvarese.it\/wp-content\/uploads\/2025\/11\/CLUB-HOUSE-14-2-915x686.jpg 915w, https:\/\/www.golfclubvarese.it\/wp-content\/uploads\/2025\/11\/CLUB-HOUSE-14-2-300x225.jpg 300w, https:\/\/www.golfclubvarese.it\/wp-content\/uploads\/2025\/11\/CLUB-HOUSE-14-2-1024x768.jpg 1024w, https:\/\/www.golfclubvarese.it\/wp-content\/uploads\/2025\/11\/CLUB-HOUSE-14-2-768x576.jpg 768w, https:\/\/www.golfclubvarese.it\/wp-content\/uploads\/2025\/11\/CLUB-HOUSE-14-2-107x80.jpg 107w, https:\/\/www.golfclubvarese.it\/wp-content\/uploads\/2025\/11\/CLUB-HOUSE-14-2-394x296.jpg 394w, https:\/\/www.golfclubvarese.it\/wp-content\/uploads\/2025\/11\/CLUB-HOUSE-14-2.jpg 1100w\" sizes=\"(max-width: 915px) 100vw, 915px\" \/>\t\t\t\t\t\t\t\t\t\t\t\t\t\t<\/div>\n\t\t\t\t\t\t<\/div>\n\t\t\t\t<\/div>\n\t\t\t\t\t\t<\/div>\n\t\t\t\t\t<\/div>\n\t\t<\/div>\n\t\t\t\t\t\t\t\t<\/div>\n\t\t\t\t\t<\/div>\n\t\t<\/section>\n\t\t\t\t<section class=\"elementor-section elementor-inner-section elementor-element elementor-element-ed2ef03 elementor-section-content-middle elementor-section-boxed elementor-section-height-default elementor-section-height-default\" data-id=\"ed2ef03\" data-element_type=\"section\">\n\t\t\t\t\t\t<div class=\"elementor-container elementor-column-gap-wide\">\n\t\t\t\t\t\t\t<div class=\"elementor-row\">\n\t\t\t\t\t<div class=\"elementor-column elementor-col-100 elementor-inner-column elementor-element elementor-element-33fe9e0\" data-id=\"33fe9e0\" data-element_type=\"column\">\n\t\t\t<div class=\"elementor-column-wrap elementor-element-populated\">\n\t\t\t\t\t\t\t<div class=\"elementor-widget-wrap\">\n\t\t\t\t\t\t<div class=\"elementor-element elementor-element-58b78f7 elementor-widget elementor-widget-themo-image-gallery\" data-id=\"58b78f7\" data-element_type=\"widget\" data-widget_type=\"themo-image-gallery.default\">\n\t\t\t\t<div class=\"elementor-widget-container\">\n\t\t\t\t\t<div class=\"elementor-image-gallery th-image-stretch\">\n\t\t\t<div class=\"gallery gallery-7397-1\"><div class=\"row gallery-row\"><div class=\"col-sm-3 col-lg-3\"><a data-toggle=\"lightbox\" data-gallery=\"multiimages\" data-title=\"\"  class=\"thumbnail img-thumbnail\" href='https:\/\/www.golfclubvarese.it\/wp-content\/uploads\/2025\/11\/WhatsApp-Image-2025-11-27-at-14.30.29-1.jpeg'><img decoding=\"async\" width=\"394\" height=\"394\" src=\"https:\/\/www.golfclubvarese.it\/wp-content\/uploads\/2025\/11\/WhatsApp-Image-2025-11-27-at-14.30.29-1-394x394.jpeg\" class=\"attachment-th_img_sm_square size-th_img_sm_square\" alt=\"\" srcset=\"https:\/\/www.golfclubvarese.it\/wp-content\/uploads\/2025\/11\/WhatsApp-Image-2025-11-27-at-14.30.29-1-394x394.jpeg 394w, https:\/\/www.golfclubvarese.it\/wp-content\/uploads\/2025\/11\/WhatsApp-Image-2025-11-27-at-14.30.29-1-150x150.jpeg 150w, https:\/\/www.golfclubvarese.it\/wp-content\/uploads\/2025\/11\/WhatsApp-Image-2025-11-27-at-14.30.29-1-605x605.jpeg 605w\" sizes=\"(max-width: 394px) 100vw, 394px\" \/><\/a><div class=\"gallery-text\"><div class=\"image-title\">WhatsApp Image 2025-11-27 at 14.30.29 (1)<\/div><\/div><\/div><div class=\"col-sm-3 col-lg-3\"><a data-toggle=\"lightbox\" data-gallery=\"multiimages\" data-title=\"\"  class=\"thumbnail img-thumbnail\" href='https:\/\/www.golfclubvarese.it\/wp-content\/uploads\/2023\/05\/MDF_5187.png'><img decoding=\"async\" width=\"394\" height=\"394\" src=\"https:\/\/www.golfclubvarese.it\/wp-content\/uploads\/2023\/05\/MDF_5187-394x394.png\" class=\"attachment-th_img_sm_square size-th_img_sm_square\" alt=\"\" srcset=\"https:\/\/www.golfclubvarese.it\/wp-content\/uploads\/2023\/05\/MDF_5187-394x394.png 394w, https:\/\/www.golfclubvarese.it\/wp-content\/uploads\/2023\/05\/MDF_5187-150x150.png 150w, https:\/\/www.golfclubvarese.it\/wp-content\/uploads\/2023\/05\/MDF_5187-605x605.png 605w\" sizes=\"(max-width: 394px) 100vw, 394px\" \/><\/a><div class=\"gallery-text\"><div class=\"image-title\">MDF_5187<\/div><\/div><\/div><div class=\"col-sm-3 col-lg-3\"><a data-toggle=\"lightbox\" data-gallery=\"multiimages\" data-title=\"\"  class=\"thumbnail img-thumbnail\" href='https:\/\/www.golfclubvarese.it\/wp-content\/uploads\/2025\/11\/4Z8A3965-1.jpg'><img decoding=\"async\" width=\"394\" height=\"394\" src=\"https:\/\/www.golfclubvarese.it\/wp-content\/uploads\/2025\/11\/4Z8A3965-1-394x394.jpg\" class=\"attachment-th_img_sm_square size-th_img_sm_square\" alt=\"\" srcset=\"https:\/\/www.golfclubvarese.it\/wp-content\/uploads\/2025\/11\/4Z8A3965-1-394x394.jpg 394w, https:\/\/www.golfclubvarese.it\/wp-content\/uploads\/2025\/11\/4Z8A3965-1-150x150.jpg 150w, https:\/\/www.golfclubvarese.it\/wp-content\/uploads\/2025\/11\/4Z8A3965-1-605x605.jpg 605w\" sizes=\"(max-width: 394px) 100vw, 394px\" \/><\/a><div class=\"gallery-text\"><div class=\"image-title\">4Z8A3965<\/div><\/div><\/div><div class=\"col-sm-3 col-lg-3\"><a data-toggle=\"lightbox\" data-gallery=\"multiimages\" data-title=\"\"  class=\"thumbnail img-thumbnail\" href='https:\/\/www.golfclubvarese.it\/wp-content\/uploads\/2025\/11\/golf-28.09-59-2.jpg'><img decoding=\"async\" width=\"394\" height=\"394\" src=\"https:\/\/www.golfclubvarese.it\/wp-content\/uploads\/2025\/11\/golf-28.09-59-2-394x394.jpg\" class=\"attachment-th_img_sm_square size-th_img_sm_square\" alt=\"\" srcset=\"https:\/\/www.golfclubvarese.it\/wp-content\/uploads\/2025\/11\/golf-28.09-59-2-394x394.jpg 394w, https:\/\/www.golfclubvarese.it\/wp-content\/uploads\/2025\/11\/golf-28.09-59-2-150x150.jpg 150w, https:\/\/www.golfclubvarese.it\/wp-content\/uploads\/2025\/11\/golf-28.09-59-2-605x605.jpg 605w\" sizes=\"(max-width: 394px) 100vw, 394px\" \/><\/a><div class=\"gallery-text\"><div class=\"image-title\">golf-28.09-59<\/div><\/div><\/div><\/div><div class=\"row gallery-row\"><div class=\"col-sm-3 col-lg-3\"><a data-toggle=\"lightbox\" data-gallery=\"multiimages\" data-title=\"\"  class=\"thumbnail img-thumbnail\" href='https:\/\/www.golfclubvarese.it\/wp-content\/uploads\/2025\/11\/QD_Design_002-1.jpg'><img decoding=\"async\" width=\"394\" height=\"394\" src=\"https:\/\/www.golfclubvarese.it\/wp-content\/uploads\/2025\/11\/QD_Design_002-1-394x394.jpg\" class=\"attachment-th_img_sm_square size-th_img_sm_square\" alt=\"\" srcset=\"https:\/\/www.golfclubvarese.it\/wp-content\/uploads\/2025\/11\/QD_Design_002-1-394x394.jpg 394w, https:\/\/www.golfclubvarese.it\/wp-content\/uploads\/2025\/11\/QD_Design_002-1-150x150.jpg 150w, https:\/\/www.golfclubvarese.it\/wp-content\/uploads\/2025\/11\/QD_Design_002-1-605x605.jpg 605w\" sizes=\"(max-width: 394px) 100vw, 394px\" \/><\/a><div class=\"gallery-text\"><div class=\"image-title\">QD_Design_002<\/div><\/div><\/div><div class=\"col-sm-3 col-lg-3\"><a data-toggle=\"lightbox\" data-gallery=\"multiimages\" data-title=\"\"  class=\"thumbnail img-thumbnail\" href='https:\/\/www.golfclubvarese.it\/wp-content\/uploads\/2025\/11\/RISTORANTE-37-2.jpg'><img decoding=\"async\" width=\"394\" height=\"394\" src=\"https:\/\/www.golfclubvarese.it\/wp-content\/uploads\/2025\/11\/RISTORANTE-37-2-394x394.jpg\" class=\"attachment-th_img_sm_square size-th_img_sm_square\" alt=\"\" srcset=\"https:\/\/www.golfclubvarese.it\/wp-content\/uploads\/2025\/11\/RISTORANTE-37-2-394x394.jpg 394w, https:\/\/www.golfclubvarese.it\/wp-content\/uploads\/2025\/11\/RISTORANTE-37-2-150x150.jpg 150w, https:\/\/www.golfclubvarese.it\/wp-content\/uploads\/2025\/11\/RISTORANTE-37-2-605x605.jpg 605w\" sizes=\"(max-width: 394px) 100vw, 394px\" \/><\/a><div class=\"gallery-text\"><div class=\"image-title\">RISTORANTE -37<\/div><\/div><\/div><div class=\"col-sm-3 col-lg-3\"><a data-toggle=\"lightbox\" data-gallery=\"multiimages\" data-title=\"\"  class=\"thumbnail img-thumbnail\" href='https:\/\/www.golfclubvarese.it\/wp-content\/uploads\/2025\/11\/golf-28.09-20-2.jpg'><img decoding=\"async\" width=\"394\" height=\"394\" src=\"https:\/\/www.golfclubvarese.it\/wp-content\/uploads\/2025\/11\/golf-28.09-20-2-394x394.jpg\" class=\"attachment-th_img_sm_square size-th_img_sm_square\" alt=\"\" srcset=\"https:\/\/www.golfclubvarese.it\/wp-content\/uploads\/2025\/11\/golf-28.09-20-2-394x394.jpg 394w, https:\/\/www.golfclubvarese.it\/wp-content\/uploads\/2025\/11\/golf-28.09-20-2-150x150.jpg 150w, https:\/\/www.golfclubvarese.it\/wp-content\/uploads\/2025\/11\/golf-28.09-20-2-605x605.jpg 605w\" sizes=\"(max-width: 394px) 100vw, 394px\" \/><\/a><div class=\"gallery-text\"><div class=\"image-title\">golf-28.09-20<\/div><\/div><\/div><div class=\"col-sm-3 col-lg-3\"><a data-toggle=\"lightbox\" data-gallery=\"multiimages\" data-title=\"\"  class=\"thumbnail img-thumbnail\" href='https:\/\/www.golfclubvarese.it\/wp-content\/uploads\/2025\/11\/WhatsApp-Image-2025-11-27-at-14.30.28.jpeg'><img decoding=\"async\" width=\"394\" height=\"394\" src=\"https:\/\/www.golfclubvarese.it\/wp-content\/uploads\/2025\/11\/WhatsApp-Image-2025-11-27-at-14.30.28-394x394.jpeg\" class=\"attachment-th_img_sm_square size-th_img_sm_square\" alt=\"\" srcset=\"https:\/\/www.golfclubvarese.it\/wp-content\/uploads\/2025\/11\/WhatsApp-Image-2025-11-27-at-14.30.28-394x394.jpeg 394w, https:\/\/www.golfclubvarese.it\/wp-content\/uploads\/2025\/11\/WhatsApp-Image-2025-11-27-at-14.30.28-150x150.jpeg 150w, https:\/\/www.golfclubvarese.it\/wp-content\/uploads\/2025\/11\/WhatsApp-Image-2025-11-27-at-14.30.28-605x605.jpeg 605w\" sizes=\"(max-width: 394px) 100vw, 394px\" \/><\/a><div class=\"gallery-text\"><div class=\"image-title\">WhatsApp Image 2025-11-27 at 14.30.28<\/div><\/div><\/div><\/div><div class=\"row gallery-row\"><div class=\"col-sm-3 col-lg-3\"><a data-toggle=\"lightbox\" data-gallery=\"multiimages\" data-title=\"\"  class=\"thumbnail img-thumbnail\" href='https:\/\/www.golfclubvarese.it\/wp-content\/uploads\/2025\/11\/golf-28.09-19-2.jpg'><img decoding=\"async\" width=\"394\" height=\"394\" src=\"https:\/\/www.golfclubvarese.it\/wp-content\/uploads\/2025\/11\/golf-28.09-19-2-394x394.jpg\" class=\"attachment-th_img_sm_square size-th_img_sm_square\" alt=\"\" srcset=\"https:\/\/www.golfclubvarese.it\/wp-content\/uploads\/2025\/11\/golf-28.09-19-2-394x394.jpg 394w, https:\/\/www.golfclubvarese.it\/wp-content\/uploads\/2025\/11\/golf-28.09-19-2-150x150.jpg 150w, https:\/\/www.golfclubvarese.it\/wp-content\/uploads\/2025\/11\/golf-28.09-19-2-605x605.jpg 605w\" sizes=\"(max-width: 394px) 100vw, 394px\" \/><\/a><div class=\"gallery-text\"><div class=\"image-title\">golf-28.09-19<\/div><\/div><\/div><div class=\"col-sm-3 col-lg-3\"><a data-toggle=\"lightbox\" data-gallery=\"multiimages\" data-title=\"\"  class=\"thumbnail img-thumbnail\" href='https:\/\/www.golfclubvarese.it\/wp-content\/uploads\/2025\/11\/WhatsApp-Image-2025-11-27-at-14.30.29-2.jpeg'><img decoding=\"async\" width=\"394\" height=\"394\" src=\"https:\/\/www.golfclubvarese.it\/wp-content\/uploads\/2025\/11\/WhatsApp-Image-2025-11-27-at-14.30.29-2-394x394.jpeg\" class=\"attachment-th_img_sm_square size-th_img_sm_square\" alt=\"\" srcset=\"https:\/\/www.golfclubvarese.it\/wp-content\/uploads\/2025\/11\/WhatsApp-Image-2025-11-27-at-14.30.29-2-394x394.jpeg 394w, https:\/\/www.golfclubvarese.it\/wp-content\/uploads\/2025\/11\/WhatsApp-Image-2025-11-27-at-14.30.29-2-150x150.jpeg 150w, https:\/\/www.golfclubvarese.it\/wp-content\/uploads\/2025\/11\/WhatsApp-Image-2025-11-27-at-14.30.29-2-605x605.jpeg 605w\" sizes=\"(max-width: 394px) 100vw, 394px\" \/><\/a><div class=\"gallery-text\"><div class=\"image-title\">WhatsApp Image 2025-11-27 at 14.30.29 (2)<\/div><\/div><\/div><div class=\"col-sm-3 col-lg-3\"><a data-toggle=\"lightbox\" data-gallery=\"multiimages\" data-title=\"\"  class=\"thumbnail img-thumbnail\" href='https:\/\/www.golfclubvarese.it\/wp-content\/uploads\/2024\/10\/golf-28.09-46.jpg'><img decoding=\"async\" width=\"394\" height=\"394\" src=\"https:\/\/www.golfclubvarese.it\/wp-content\/uploads\/2024\/10\/golf-28.09-46-394x394.jpg\" class=\"attachment-th_img_sm_square size-th_img_sm_square\" alt=\"\" srcset=\"https:\/\/www.golfclubvarese.it\/wp-content\/uploads\/2024\/10\/golf-28.09-46-394x394.jpg 394w, https:\/\/www.golfclubvarese.it\/wp-content\/uploads\/2024\/10\/golf-28.09-46-150x150.jpg 150w, https:\/\/www.golfclubvarese.it\/wp-content\/uploads\/2024\/10\/golf-28.09-46-605x605.jpg 605w\" sizes=\"(max-width: 394px) 100vw, 394px\" \/><\/a><div class=\"gallery-text\"><div class=\"image-title\">golf 28.09 46<\/div><\/div><\/div><div class=\"col-sm-3 col-lg-3\"><a data-toggle=\"lightbox\" data-gallery=\"multiimages\" data-title=\"\"  class=\"thumbnail img-thumbnail\" href='https:\/\/www.golfclubvarese.it\/wp-content\/uploads\/2025\/11\/WhatsApp-Image-2025-11-27-at-14.30.29.jpeg'><img decoding=\"async\" width=\"394\" height=\"394\" src=\"https:\/\/www.golfclubvarese.it\/wp-content\/uploads\/2025\/11\/WhatsApp-Image-2025-11-27-at-14.30.29-394x394.jpeg\" class=\"attachment-th_img_sm_square size-th_img_sm_square\" alt=\"\" srcset=\"https:\/\/www.golfclubvarese.it\/wp-content\/uploads\/2025\/11\/WhatsApp-Image-2025-11-27-at-14.30.29-394x394.jpeg 394w, https:\/\/www.golfclubvarese.it\/wp-content\/uploads\/2025\/11\/WhatsApp-Image-2025-11-27-at-14.30.29-150x150.jpeg 150w, https:\/\/www.golfclubvarese.it\/wp-content\/uploads\/2025\/11\/WhatsApp-Image-2025-11-27-at-14.30.29-605x605.jpeg 605w\" sizes=\"(max-width: 394px) 100vw, 394px\" \/><\/a><div class=\"gallery-text\"><div class=\"image-title\">WhatsApp Image 2025-11-27 at 14.30.29<\/div><\/div><\/div><\/div><\/div>\t\t<\/div>\n\t\t\t\t<\/div>\n\t\t\t\t<\/div>\n\t\t\t\t\t\t<\/div>\n\t\t\t\t\t<\/div>\n\t\t<\/div>\n\t\t\t\t\t\t\t\t<\/div>\n\t\t\t\t\t<\/div>\n\t\t<\/section>\n\t\t\t\t\t\t<\/div>\n\t\t\t\t\t<\/div>\n\t\t<\/div>\n\t\t\t\t\t\t\t\t<\/div>\n\t\t\t\t\t<\/div>\n\t\t<\/section>\n\t\t\t\t\t\t\t\t\t<\/div>\n\t\t\t<\/div>\n\t\t\t\t\t<\/div>\n\t\t","protected":false},"excerpt":{"rendered":"<p>Geschmack und atemberaubende Aussicht:die Bar und das Restaurant des Golfclubs Varese An w\u00e4rmeren Tagen empf\u00e4ngt Sie die Panoramaterrasse, an k\u00e4lteren Tagen das Glasfenster des gro\u00dfen Wohnzimmers. Traditionelle K\u00fcche f\u00fcr jeden Geschmack, f\u00fcr einen schnellen Snack an der Bar oder ein &hellip; <a href=\"https:\/\/www.golfclubvarese.it\/de\/restaurant-und-clubhaus-2\/\">Mehr lesen<\/a><\/p>\n","protected":false},"author":2,"featured_media":0,"parent":0,"menu_order":26,"comment_status":"closed","ping_status":"closed","template":"","meta":{"footnotes":""},"class_list":["post-7397","page","type-page","status-publish","hentry"],"_links":{"self":[{"href":"https:\/\/www.golfclubvarese.it\/de\/wp-json\/wp\/v2\/pages\/7397","targetHints":{"allow":["GET"]}}],"collection":[{"href":"https:\/\/www.golfclubvarese.it\/de\/wp-json\/wp\/v2\/pages"}],"about":[{"href":"https:\/\/www.golfclubvarese.it\/de\/wp-json\/wp\/v2\/types\/page"}],"author":[{"embeddable":true,"href":"https:\/\/www.golfclubvarese.it\/de\/wp-json\/wp\/v2\/users\/2"}],"replies":[{"embeddable":true,"href":"https:\/\/www.golfclubvarese.it\/de\/wp-json\/wp\/v2\/comments?post=7397"}],"version-history":[{"count":3,"href":"https:\/\/www.golfclubvarese.it\/de\/wp-json\/wp\/v2\/pages\/7397\/revisions"}],"predecessor-version":[{"id":7461,"href":"https:\/\/www.golfclubvarese.it\/de\/wp-json\/wp\/v2\/pages\/7397\/revisions\/7461"}],"wp:attachment":[{"href":"https:\/\/www.golfclubvarese.it\/de\/wp-json\/wp\/v2\/media?parent=7397"}],"curies":[{"name":"wp","href":"https:\/\/api.w.org\/{rel}","templated":true}]}}